{"id":479,"date":"2022-02-13T05:02:42","date_gmt":"2022-02-13T05:02:42","guid":{"rendered":"http:\/\/herbiziola.pl\/?page_id=479"},"modified":"2022-02-13T05:09:42","modified_gmt":"2022-02-13T05:09:42","slug":"maceraty","status":"publish","type":"page","link":"https:\/\/herbiziola.pl\/?page_id=479","title":{"rendered":"Maceraty"},"content":{"rendered":"\t\t<div data-elementor-type=\"wp-page\" data-elementor-id=\"479\" class=\"elementor elementor-479\">\n\t\t\t\t\t\t<section class=\"elementor-section elementor-top-section elementor-element elementor-element-8c08854 elementor-section-boxed elementor-section-height-default elementor-section-height-default\" data-id=\"8c08854\" data-element_type=\"section\" data-e-type=\"section\">\n\t\t\t\t\t\t<div class=\"elementor-container elementor-column-gap-default\">\n\t\t\t\t\t<div class=\"elementor-column elementor-col-100 elementor-top-column elementor-element elementor-element-20a7214\" data-id=\"20a7214\" data-element_type=\"column\" data-e-type=\"column\">\n\t\t\t<div class=\"elementor-widget-wrap elementor-element-populated\">\n\t\t\t\t\t\t<div class=\"elementor-element elementor-element-fb1da0a elementor-widget elementor-widget-shortcode\" data-id=\"fb1da0a\" data-element_type=\"widget\" data-e-type=\"widget\" data-widget_type=\"shortcode.default\">\n\t\t\t\t<div class=\"elementor-widget-container\">\n\t\t\t\t\t\t\t<div class=\"elementor-shortcode\"><div class=\"woocommerce columns-3 \">\r\n<ul class=\"products oceanwp-row clr grid tablet-col tablet-2-col mobile-col mobile-1-col\">\r\n<li class=\"entry has-media has-product-nav col span_1_of_3 owp-content-center owp-thumbs-layout-horizontal owp-btn-normal owp-tabs-layout-horizontal has-no-thumbnails product type-product post-485 status-publish first instock product_cat-maceraty has-post-thumbnail shipping-taxable purchasable product-type-simple\">\n\t<div class=\"product-inner clr\">\r\n\t<div class=\"woo-entry-image clr\">\r\n\t\t<a href=\"https:\/\/herbiziola.pl\/?product=macerat-olejowy-z-dziurawca-czyli-oliwa-swietojanska\" class=\"woocommerce-LoopProduct-link\"><img fetchpriority=\"high\" decoding=\"async\" width=\"348\" height=\"464\" src=\"https:\/\/herbiziola.pl\/wp-content\/uploads\/2022\/02\/macerat_dziurawiec-348x464.jpg\" class=\"woo-entry-image-main\" alt=\"MACERAT OLEJOWY Z DZIURAWCA czyli Oliwa \u015awi\u0119toja\u0144ska\" itemprop=\"image\" srcset=\"https:\/\/herbiziola.pl\/wp-content\/uploads\/2022\/02\/macerat_dziurawiec-348x464.jpg 348w, https:\/\/herbiziola.pl\/wp-content\/uploads\/2022\/02\/macerat_dziurawiec-225x300.jpg 225w, https:\/\/herbiziola.pl\/wp-content\/uploads\/2022\/02\/macerat_dziurawiec.jpg 400w\" sizes=\"(max-width: 348px) 100vw, 348px\" \/><\/a><a href=\"#\" id=\"product_id_485\" class=\"owp-quick-view\" data-product_id=\"485\" aria-label=\"Quickly preview product MACERAT OLEJOWY Z DZIURAWCA czyli Oliwa \u015awi\u0119toja\u0144ska\"><i class=\" icon-eye\" aria-hidden=\"true\" role=\"img\"><\/i> Quick View<\/a>\t<\/div><!-- .woo-entry-image -->\r\n\r\n<ul class=\"woo-entry-inner clr\"><li class=\"image-wrap\">\r\n\t<div class=\"woo-entry-image clr\">\r\n\t\t<a href=\"https:\/\/herbiziola.pl\/?product=macerat-olejowy-z-dziurawca-czyli-oliwa-swietojanska\" class=\"woocommerce-LoopProduct-link\"><img fetchpriority=\"high\" decoding=\"async\" width=\"348\" height=\"464\" src=\"https:\/\/herbiziola.pl\/wp-content\/uploads\/2022\/02\/macerat_dziurawiec-348x464.jpg\" class=\"woo-entry-image-main\" alt=\"MACERAT OLEJOWY Z DZIURAWCA czyli Oliwa \u015awi\u0119toja\u0144ska\" itemprop=\"image\" srcset=\"https:\/\/herbiziola.pl\/wp-content\/uploads\/2022\/02\/macerat_dziurawiec-348x464.jpg 348w, https:\/\/herbiziola.pl\/wp-content\/uploads\/2022\/02\/macerat_dziurawiec-225x300.jpg 225w, https:\/\/herbiziola.pl\/wp-content\/uploads\/2022\/02\/macerat_dziurawiec.jpg 400w\" sizes=\"(max-width: 348px) 100vw, 348px\" \/><\/a><a href=\"#\" id=\"product_id_485\" class=\"owp-quick-view\" data-product_id=\"485\" aria-label=\"Quickly preview product MACERAT OLEJOWY Z DZIURAWCA czyli Oliwa \u015awi\u0119toja\u0144ska\"><i class=\" icon-eye\" aria-hidden=\"true\" role=\"img\"><\/i> Quick View<\/a>\t<\/div><!-- .woo-entry-image -->\r\n\r\n<\/li><li class=\"category\"><a href=\"https:\/\/herbiziola.pl\/?product_cat=maceraty\" rel=\"tag\">maceraty<\/a><\/li><li class=\"title\"><h2><a href=\"https:\/\/herbiziola.pl\/?product=macerat-olejowy-z-dziurawca-czyli-oliwa-swietojanska\">MACERAT OLEJOWY Z DZIURAWCA czyli Oliwa \u015awi\u0119toja\u0144ska<\/a><\/h2><\/li><li class=\"price-wrap\">\n\t<span class=\"price\"><span class=\"woocommerce-Price-amount amount\"><bdi>40.00&nbsp;<span class=\"woocommerce-Price-currencySymbol\">&#122;&#322;<\/span><\/bdi><\/span><\/span>\n<\/li><li class=\"rating\"><\/li><li class=\"btn-wrap clr\"><a href=\"\/index.php?rest_route=%2Fwp%2Fv2%2Fpages%2F479&#038;add-to-cart=485\" aria-describedby=\"woocommerce_loop_add_to_cart_link_describedby_485\" data-quantity=\"1\" class=\"button product_type_simple add_to_cart_button ajax_add_to_cart\" data-product_id=\"485\" data-product_sku=\"\" aria-label=\"Dodaj do koszyka: &bdquo;MACERAT OLEJOWY Z DZIURAWCA czyli Oliwa \u015awi\u0119toja\u0144ska&rdquo;\" rel=\"nofollow\" data-success_message=\"&ldquo;MACERAT OLEJOWY Z DZIURAWCA czyli Oliwa \u015awi\u0119toja\u0144ska&rdquo; zosta\u0142 dodany do twojego koszyka\" role=\"button\">Dodaj do koszyka<\/a>\t<span id=\"woocommerce_loop_add_to_cart_link_describedby_485\" class=\"screen-reader-text\">\n\t\t\t<\/span>\n<\/li><\/ul><\/div><!-- .product-inner .clr --><\/li>\n<li class=\"entry has-media has-product-nav col span_1_of_3 owp-content-center owp-thumbs-layout-horizontal owp-btn-normal owp-tabs-layout-horizontal has-no-thumbnails product type-product post-487 status-publish instock product_cat-maceraty has-post-thumbnail shipping-taxable purchasable product-type-simple\">\n\t<div class=\"product-inner clr\">\r\n\t<div class=\"woo-entry-image clr\">\r\n\t\t<a href=\"https:\/\/herbiziola.pl\/?product=macerat-olejowy-z-wiesiolka\" class=\"woocommerce-LoopProduct-link\"><img decoding=\"async\" width=\"348\" height=\"464\" src=\"https:\/\/herbiziola.pl\/wp-content\/uploads\/2022\/02\/macerat_wiesolek-1-348x464.jpg\" class=\"woo-entry-image-main\" alt=\"MACERAT OLEJOWY Z WIESIO\u0141KA\" itemprop=\"image\" srcset=\"https:\/\/herbiziola.pl\/wp-content\/uploads\/2022\/02\/macerat_wiesolek-1-348x464.jpg 348w, https:\/\/herbiziola.pl\/wp-content\/uploads\/2022\/02\/macerat_wiesolek-1-225x300.jpg 225w, https:\/\/herbiziola.pl\/wp-content\/uploads\/2022\/02\/macerat_wiesolek-1.jpg 400w\" sizes=\"(max-width: 348px) 100vw, 348px\" \/><\/a><a href=\"#\" id=\"product_id_487\" class=\"owp-quick-view\" data-product_id=\"487\" aria-label=\"Quickly preview product MACERAT OLEJOWY Z WIESIO\u0141KA\"><i class=\" icon-eye\" aria-hidden=\"true\" role=\"img\"><\/i> Quick View<\/a>\t<\/div><!-- .woo-entry-image -->\r\n\r\n<ul class=\"woo-entry-inner clr\"><li class=\"image-wrap\">\r\n\t<div class=\"woo-entry-image clr\">\r\n\t\t<a href=\"https:\/\/herbiziola.pl\/?product=macerat-olejowy-z-wiesiolka\" class=\"woocommerce-LoopProduct-link\"><img decoding=\"async\" width=\"348\" height=\"464\" src=\"https:\/\/herbiziola.pl\/wp-content\/uploads\/2022\/02\/macerat_wiesolek-1-348x464.jpg\" class=\"woo-entry-image-main\" alt=\"MACERAT OLEJOWY Z WIESIO\u0141KA\" itemprop=\"image\" srcset=\"https:\/\/herbiziola.pl\/wp-content\/uploads\/2022\/02\/macerat_wiesolek-1-348x464.jpg 348w, https:\/\/herbiziola.pl\/wp-content\/uploads\/2022\/02\/macerat_wiesolek-1-225x300.jpg 225w, https:\/\/herbiziola.pl\/wp-content\/uploads\/2022\/02\/macerat_wiesolek-1.jpg 400w\" sizes=\"(max-width: 348px) 100vw, 348px\" \/><\/a><a href=\"#\" id=\"product_id_487\" class=\"owp-quick-view\" data-product_id=\"487\" aria-label=\"Quickly preview product MACERAT OLEJOWY Z WIESIO\u0141KA\"><i class=\" icon-eye\" aria-hidden=\"true\" role=\"img\"><\/i> Quick View<\/a>\t<\/div><!-- .woo-entry-image -->\r\n\r\n<\/li><li class=\"category\"><a href=\"https:\/\/herbiziola.pl\/?product_cat=maceraty\" rel=\"tag\">maceraty<\/a><\/li><li class=\"title\"><h2><a href=\"https:\/\/herbiziola.pl\/?product=macerat-olejowy-z-wiesiolka\">MACERAT OLEJOWY Z WIESIO\u0141KA<\/a><\/h2><\/li><li class=\"price-wrap\">\n\t<span class=\"price\"><span class=\"woocommerce-Price-amount amount\"><bdi>40.00&nbsp;<span class=\"woocommerce-Price-currencySymbol\">&#122;&#322;<\/span><\/bdi><\/span><\/span>\n<\/li><li class=\"rating\"><\/li><li class=\"btn-wrap clr\"><a href=\"\/index.php?rest_route=%2Fwp%2Fv2%2Fpages%2F479&#038;add-to-cart=487\" aria-describedby=\"woocommerce_loop_add_to_cart_link_describedby_487\" data-quantity=\"1\" class=\"button product_type_simple add_to_cart_button ajax_add_to_cart\" data-product_id=\"487\" data-product_sku=\"\" aria-label=\"Dodaj do koszyka: &bdquo;MACERAT OLEJOWY Z WIESIO\u0141KA&rdquo;\" rel=\"nofollow\" data-success_message=\"&ldquo;MACERAT OLEJOWY Z WIESIO\u0141KA&rdquo; zosta\u0142 dodany do twojego koszyka\" role=\"button\">Dodaj do koszyka<\/a>\t<span id=\"woocommerce_loop_add_to_cart_link_describedby_487\" class=\"screen-reader-text\">\n\t\t\t<\/span>\n<\/li><\/ul><\/div><!-- .product-inner .clr --><\/li>\n<li class=\"entry has-media has-product-nav col span_1_of_3 owp-content-center owp-thumbs-layout-horizontal owp-btn-normal owp-tabs-layout-horizontal has-no-thumbnails product type-product post-490 status-publish last instock product_cat-maceraty has-post-thumbnail shipping-taxable purchasable product-type-simple\">\n\t<div class=\"product-inner clr\">\r\n\t<div class=\"woo-entry-image clr\">\r\n\t\t<a href=\"https:\/\/herbiziola.pl\/?product=macerat-olejowy-z-zywokostu\" class=\"woocommerce-LoopProduct-link\"><img decoding=\"async\" width=\"348\" height=\"464\" src=\"https:\/\/herbiziola.pl\/wp-content\/uploads\/2022\/02\/macerat_zywokost-348x464.jpg\" class=\"woo-entry-image-main\" alt=\"MACERAT OLEJOWY Z \u017bYWOKOSTU\" itemprop=\"image\" srcset=\"https:\/\/herbiziola.pl\/wp-content\/uploads\/2022\/02\/macerat_zywokost-348x464.jpg 348w, https:\/\/herbiziola.pl\/wp-content\/uploads\/2022\/02\/macerat_zywokost-225x300.jpg 225w, https:\/\/herbiziola.pl\/wp-content\/uploads\/2022\/02\/macerat_zywokost.jpg 400w\" sizes=\"(max-width: 348px) 100vw, 348px\" \/><\/a><a href=\"#\" id=\"product_id_490\" class=\"owp-quick-view\" data-product_id=\"490\" aria-label=\"Quickly preview product MACERAT OLEJOWY Z \u017bYWOKOSTU\"><i class=\" icon-eye\" aria-hidden=\"true\" role=\"img\"><\/i> Quick View<\/a>\t<\/div><!-- .woo-entry-image -->\r\n\r\n<ul class=\"woo-entry-inner clr\"><li class=\"image-wrap\">\r\n\t<div class=\"woo-entry-image clr\">\r\n\t\t<a href=\"https:\/\/herbiziola.pl\/?product=macerat-olejowy-z-zywokostu\" class=\"woocommerce-LoopProduct-link\"><img decoding=\"async\" width=\"348\" height=\"464\" src=\"https:\/\/herbiziola.pl\/wp-content\/uploads\/2022\/02\/macerat_zywokost-348x464.jpg\" class=\"woo-entry-image-main\" alt=\"MACERAT OLEJOWY Z \u017bYWOKOSTU\" itemprop=\"image\" srcset=\"https:\/\/herbiziola.pl\/wp-content\/uploads\/2022\/02\/macerat_zywokost-348x464.jpg 348w, https:\/\/herbiziola.pl\/wp-content\/uploads\/2022\/02\/macerat_zywokost-225x300.jpg 225w, https:\/\/herbiziola.pl\/wp-content\/uploads\/2022\/02\/macerat_zywokost.jpg 400w\" sizes=\"(max-width: 348px) 100vw, 348px\" \/><\/a><a href=\"#\" id=\"product_id_490\" class=\"owp-quick-view\" data-product_id=\"490\" aria-label=\"Quickly preview product MACERAT OLEJOWY Z \u017bYWOKOSTU\"><i class=\" icon-eye\" aria-hidden=\"true\" role=\"img\"><\/i> Quick View<\/a>\t<\/div><!-- .woo-entry-image -->\r\n\r\n<\/li><li class=\"category\"><a href=\"https:\/\/herbiziola.pl\/?product_cat=maceraty\" rel=\"tag\">maceraty<\/a><\/li><li class=\"title\"><h2><a href=\"https:\/\/herbiziola.pl\/?product=macerat-olejowy-z-zywokostu\">MACERAT OLEJOWY Z \u017bYWOKOSTU<\/a><\/h2><\/li><li class=\"price-wrap\">\n\t<span class=\"price\"><span class=\"woocommerce-Price-amount amount\"><bdi>40.00&nbsp;<span class=\"woocommerce-Price-currencySymbol\">&#122;&#322;<\/span><\/bdi><\/span><\/span>\n<\/li><li class=\"rating\"><\/li><li class=\"btn-wrap clr\"><a href=\"\/index.php?rest_route=%2Fwp%2Fv2%2Fpages%2F479&#038;add-to-cart=490\" aria-describedby=\"woocommerce_loop_add_to_cart_link_describedby_490\" data-quantity=\"1\" class=\"button product_type_simple add_to_cart_button ajax_add_to_cart\" data-product_id=\"490\" data-product_sku=\"\" aria-label=\"Dodaj do koszyka: &bdquo;MACERAT OLEJOWY Z \u017bYWOKOSTU&rdquo;\" rel=\"nofollow\" data-success_message=\"&ldquo;MACERAT OLEJOWY Z \u017bYWOKOSTU&rdquo; zosta\u0142 dodany do twojego koszyka\" role=\"button\">Dodaj do koszyka<\/a>\t<span id=\"woocommerce_loop_add_to_cart_link_describedby_490\" class=\"screen-reader-text\">\n\t\t\t<\/span>\n<\/li><\/ul><\/div><!-- .product-inner .clr --><\/li>\n<\/ul>\n<\/div><\/div>\n\t\t\t\t\t\t<\/div>\n\t\t\t\t<\/div>\n\t\t\t\t\t<\/div>\n\t\t<\/div>\n\t\t\t\t\t<\/div>\n\t\t<\/section>\n\t\t\t\t<\/div>\n\t\t","protected":false},"excerpt":{"rendered":"","protected":false},"author":1,"featured_media":0,"parent":0,"menu_order":0,"comment_status":"closed","ping_status":"closed","template":"","meta":{"ocean_post_layout":"","ocean_both_sidebars_style":"","ocean_both_sidebars_content_width":0,"ocean_both_sidebars_sidebars_width":0,"ocean_sidebar":"0","ocean_second_sidebar":"0","ocean_disable_margins":"enable","ocean_add_body_class":"","ocean_shortcode_before_top_bar":"","ocean_shortcode_after_top_bar":"","ocean_shortcode_before_header":"","ocean_shortcode_after_header":"","ocean_has_shortcode":"","ocean_shortcode_after_title":"","ocean_shortcode_before_footer_widgets":"","ocean_shortcode_after_footer_widgets":"","ocean_shortcode_before_footer_bottom":"","ocean_shortcode_after_footer_bottom":"","ocean_display_top_bar":"default","ocean_display_header":"default","ocean_header_style":"","ocean_center_header_left_menu":"0","ocean_custom_header_template":"0","ocean_custom_logo":0,"ocean_custom_retina_logo":0,"ocean_custom_logo_max_width":0,"ocean_custom_logo_tablet_max_width":0,"ocean_custom_logo_mobile_max_width":0,"ocean_custom_logo_max_height":0,"ocean_custom_logo_tablet_max_height":0,"ocean_custom_logo_mobile_max_height":0,"ocean_header_custom_menu":"0","ocean_menu_typo_font_family":"0","ocean_menu_typo_font_subset":"","ocean_menu_typo_font_size":0,"ocean_menu_typo_font_size_tablet":0,"ocean_menu_typo_font_size_mobile":0,"ocean_menu_typo_font_size_unit":"px","ocean_menu_typo_font_weight":"","ocean_menu_typo_font_weight_tablet":"","ocean_menu_typo_font_weight_mobile":"","ocean_menu_typo_transform":"","ocean_menu_typo_transform_tablet":"","ocean_menu_typo_transform_mobile":"","ocean_menu_typo_line_height":0,"ocean_menu_typo_line_height_tablet":0,"ocean_menu_typo_line_height_mobile":0,"ocean_menu_typo_line_height_unit":"","ocean_menu_typo_spacing":0,"ocean_menu_typo_spacing_tablet":0,"ocean_menu_typo_spacing_mobile":0,"ocean_menu_typo_spacing_unit":"","ocean_menu_link_color":"","ocean_menu_link_color_hover":"","ocean_menu_link_color_active":"","ocean_menu_link_background":"","ocean_menu_link_hover_background":"","ocean_menu_link_active_background":"","ocean_menu_social_links_bg":"","ocean_menu_social_hover_links_bg":"","ocean_menu_social_links_color":"","ocean_menu_social_hover_links_color":"","ocean_disable_title":"default","ocean_disable_heading":"default","ocean_post_title":"","ocean_post_subheading":"","ocean_post_title_style":"","ocean_post_title_background_color":"","ocean_post_title_background":0,"ocean_post_title_bg_image_position":"","ocean_post_title_bg_image_attachment":"","ocean_post_title_bg_image_repeat":"","ocean_post_title_bg_image_size":"","ocean_post_title_height":0,"ocean_post_title_bg_overlay":0.5,"ocean_post_title_bg_overlay_color":"","ocean_disable_breadcrumbs":"default","ocean_breadcrumbs_color":"","ocean_breadcrumbs_separator_color":"","ocean_breadcrumbs_links_color":"","ocean_breadcrumbs_links_hover_color":"","ocean_display_footer_widgets":"default","ocean_display_footer_bottom":"default","ocean_custom_footer_template":"0","omw_enable_modal_window":"enable","footnotes":""},"class_list":["post-479","page","type-page","status-publish","hentry","entry","owp-thumbs-layout-horizontal","owp-btn-normal","owp-tabs-layout-horizontal","has-no-thumbnails","has-product-nav"],"_links":{"self":[{"href":"https:\/\/herbiziola.pl\/index.php?rest_route=\/wp\/v2\/pages\/479","targetHints":{"allow":["GET"]}}],"collection":[{"href":"https:\/\/herbiziola.pl\/index.php?rest_route=\/wp\/v2\/pages"}],"about":[{"href":"https:\/\/herbiziola.pl\/index.php?rest_route=\/wp\/v2\/types\/page"}],"author":[{"embeddable":true,"href":"https:\/\/herbiziola.pl\/index.php?rest_route=\/wp\/v2\/users\/1"}],"replies":[{"embeddable":true,"href":"https:\/\/herbiziola.pl\/index.php?rest_route=%2Fwp%2Fv2%2Fcomments&post=479"}],"version-history":[{"count":4,"href":"https:\/\/herbiziola.pl\/index.php?rest_route=\/wp\/v2\/pages\/479\/revisions"}],"predecessor-version":[{"id":484,"href":"https:\/\/herbiziola.pl\/index.php?rest_route=\/wp\/v2\/pages\/479\/revisions\/484"}],"wp:attachment":[{"href":"https:\/\/herbiziola.pl\/index.php?rest_route=%2Fwp%2Fv2%2Fmedia&parent=479"}],"curies":[{"name":"wp","href":"https:\/\/api.w.org\/{rel}","templated":true}]}}