{"id":518,"date":"2022-02-25T16:29:38","date_gmt":"2022-02-25T16:29:38","guid":{"rendered":"http:\/\/herbiziola.pl\/?page_id=518"},"modified":"2022-02-25T16:34:07","modified_gmt":"2022-02-25T16:34:07","slug":"o-nas","status":"publish","type":"page","link":"https:\/\/herbiziola.pl\/?page_id=518","title":{"rendered":"O nas"},"content":{"rendered":"\t\t<div data-elementor-type=\"wp-page\" data-elementor-id=\"518\" class=\"elementor elementor-518\">\n\t\t\t\t\t\t<section class=\"elementor-section elementor-top-section elementor-element elementor-element-60a2215 elementor-section-boxed elementor-section-height-default elementor-section-height-default\" data-id=\"60a2215\" data-element_type=\"section\" data-e-type=\"section\">\n\t\t\t\t\t\t<div class=\"elementor-container elementor-column-gap-default\">\n\t\t\t\t\t<div class=\"elementor-column elementor-col-100 elementor-top-column elementor-element elementor-element-0188196\" data-id=\"0188196\" data-element_type=\"column\" data-e-type=\"column\">\n\t\t\t<div class=\"elementor-widget-wrap elementor-element-populated\">\n\t\t\t\t\t\t<div class=\"elementor-element elementor-element-e9ab011 elementor-widget elementor-widget-text-editor\" data-id=\"e9ab011\" data-element_type=\"widget\" data-e-type=\"widget\" data-widget_type=\"text-editor.default\">\n\t\t\t\t<div class=\"elementor-widget-container\">\n\t\t\t\t\t\t\t\t\t<p><span style=\"color: rgb(0, 0, 0); font-family: Arial; font-size: 16px; font-style: normal; font-variant-ligatures: normal; font-variant-caps: normal; font-weight: 400;\">W naszym internetowym&nbsp; sklepie zielarsko-medycznym &#8222;Herbi&#8221;&nbsp; oferujemy du\u017cy&nbsp; wyb\u00f3r produkt\u00f3w naturalnych, kt\u00f3re sami wykonujemy. Mo\u017cna zakupi\u0107 herbatki zio\u0142owe w\u0142asnej produkcji z zi\u00f3\u0142 popularnych, ale tak\u017ce z takich, kt\u00f3re cz\u0119sto zosta\u0142y zapomniane, ale dzi\u0119ki naszej pracy i pasji powracaj\u0105 na dobre do nas z polskich p\u00f3l, \u0142\u0105k i las\u00f3w. Zestawy zi\u00f3\u0142 s\u0105 skomponowane na r\u00f3\u017cne&nbsp; dolegliwo\u015bci, do stosowania przez ca\u0142y rok. Zio\u0142a s\u0105 zbierane i suszone w naszym gospodarstwie rolnym, pod nadzorem specjalisty zielarza -fitoterapeuty.<\/span><br style=\"color: rgb(0, 0, 0); font-family: Arial; font-size: 16px;\"><br style=\"color: rgb(0, 0, 0); font-family: Arial; font-size: 16px;\"><span style=\"color: rgb(0, 0, 0); font-family: Arial; font-size: 16px; font-style: normal; font-variant-ligatures: normal; font-variant-caps: normal; font-weight: 400;\">Sklep zielarski online posiada w swoim asortymencie tak\u017ce pojedyncze zio\u0142a. Mamy w\u0142asnej produkcji maceraty olejowe, syropy zio\u0142owe z w\u0142asnor\u0119cznie zbieranych zi\u00f3\u0142, jedyny w swoim rodzaju naturalny ocet jab\u0142kowy w\u0142asnej produkcji z w\u0142asnych&nbsp; jab\u0142ek zrobiony wed\u0142ug tradycyjnej&nbsp; receptury.<\/span><br style=\"color: rgb(0, 0, 0); font-family: Arial; font-size: 16px;\"><br style=\"color: rgb(0, 0, 0); font-family: Arial; font-size: 16px;\"><span style=\"color: rgb(0, 0, 0); font-family: Arial; font-size: 16px; font-style: normal; font-variant-ligatures: normal; font-variant-caps: normal; font-weight: 400;\">Oferujemy naturalne kosmetyki z ekstraktami ro\u015blinnymi: zio\u0142owe&nbsp; kremy, olejki&nbsp; eteryczne i zio\u0142owe olejki kosmetyczne, ma\u015bci terapeutyczne, \u017cele zio\u0142owe, tinctury zio\u0142owe, szampony, wyprodukowane na bazie zi\u00f3\u0142 i olejk\u00f3w, bogate w dobroczynne substancje dla zdrowia i urody.<\/span><br style=\"color: rgb(0, 0, 0); font-family: Arial; font-size: 16px;\"><br style=\"color: rgb(0, 0, 0); font-family: Arial; font-size: 16px;\"><span style=\"color: rgb(0, 0, 0); font-family: Arial; font-size: 16px; font-style: normal; font-variant-ligatures: normal; font-variant-caps: normal; font-weight: 400;\">Nasz sklep zielarsko-medyczny wychodzi do klienta z ofert\u0105 telefonicznej konsultacji zielarskiej prowadzonej przez zielarza &#8211; fitoterapeut\u0119 Ma\u0142gorzat\u0119 Rosi\u0144sk\u0105 w oparciu o wiedz\u0119 zio\u0142olecznictwa.<\/span><br style=\"color: rgb(0, 0, 0); font-family: Arial; font-size: 16px;\"><br style=\"color: rgb(0, 0, 0); font-family: Arial; font-size: 16px;\"><span style=\"color: rgb(0, 0, 0); font-family: Arial; font-size: 16px; font-style: normal; font-variant-ligatures: normal; font-variant-caps: normal; font-weight: 400;\">Fitoterapia- zio\u0142olecznictwo wykorzystuje ro\u015bliny lecznicze, ich w\u0142a\u015bciwo\u015bci zdrowotne&nbsp; i&nbsp; jest jednym&nbsp; z wa\u017cniejszych alternatywnych i naturalnych sposob\u00f3w wspomagania organizmu w czasie jego niedyspozycji, a tak\u017ce oczyszczania i podnoszenia odporno\u015bci.<\/span><br style=\"color: rgb(0, 0, 0); font-family: Arial; font-size: 16px;\"><br style=\"color: rgb(0, 0, 0); font-family: Arial; font-size: 16px;\"><span style=\"color: rgb(0, 0, 0); font-family: Arial; font-size: 16px; font-style: normal; font-variant-ligatures: normal; font-variant-caps: normal; font-weight: 400;\">Kultywujemy tradycj\u0119 ludow\u0105 naturalnej medycyny zio\u0142owej naszych przodk\u00f3w.<\/span><br style=\"color: rgb(0, 0, 0); font-family: Arial; font-size: 16px;\"><br style=\"color: rgb(0, 0, 0); font-family: Arial; font-size: 16px;\"><span style=\"color: rgb(0, 0, 0); font-family: Arial; font-size: 16px; font-style: normal; font-variant-ligatures: normal; font-variant-caps: normal; font-weight: 400;\">B\u0119dzie nam ogromnie mi\u0142o przekaza\u0107 Pa\u0144stwu cz\u0119\u015b\u0107 polskiego dziedzictwa zielarskiego.<\/span><br style=\"color: rgb(0, 0, 0); font-family: Arial; font-size: 16px;\"><br style=\"color: rgb(0, 0, 0); font-family: Arial; font-size: 16px;\"><span style=\"color: rgb(0, 0, 0); font-family: Arial; font-size: 16px; font-style: normal; font-variant-ligatures: normal; font-variant-caps: normal; font-weight: 400;\">Dzi\u0119ki naszej wiedzy chcemy przekaza\u0107&nbsp; to wszystko co ludziom przynosz\u0105 w darze ro\u015bliny lecznicze.<\/span><\/p>\t\t\t\t\t\t\t\t<\/div>\n\t\t\t\t<\/div>\n\t\t\t\t\t<\/div>\n\t\t<\/div>\n\t\t\t\t\t<\/div>\n\t\t<\/section>\n\t\t\t\t<\/div>\n\t\t","protected":false},"excerpt":{"rendered":"<p>W naszym internetowym&nbsp; sklepie zielarsko-medycznym &#8222;Herbi&#8221;&nbsp; oferujemy du\u017cy&nbsp; wyb\u00f3r produkt\u00f3w naturalnych, kt\u00f3re sami wykonujemy. Mo\u017cna zakupi\u0107 herbatki zio\u0142owe w\u0142asnej produkcji z zi\u00f3\u0142 popularnych, ale tak\u017ce z takich, kt\u00f3re cz\u0119sto zosta\u0142y zapomniane, ale dzi\u0119ki naszej pracy i pasji powracaj\u0105 na dobre do nas z polskich p\u00f3l, \u0142\u0105k i las\u00f3w. Zestawy zi\u00f3\u0142 s\u0105 skomponowane na r\u00f3\u017cne&nbsp; dolegliwo\u015bci, [&hellip;]<\/p>\n","protected":false},"author":1,"featured_media":0,"parent":0,"menu_order":0,"comment_status":"closed","ping_status":"closed","template":"","meta":{"ocean_post_layout":"","ocean_both_sidebars_style":"","ocean_both_sidebars_content_width":0,"ocean_both_sidebars_sidebars_width":0,"ocean_sidebar":"0","ocean_second_sidebar":"0","ocean_disable_margins":"enable","ocean_add_body_class":"","ocean_shortcode_before_top_bar":"","ocean_shortcode_after_top_bar":"","ocean_shortcode_before_header":"","ocean_shortcode_after_header":"","ocean_has_shortcode":"","ocean_shortcode_after_title":"","ocean_shortcode_before_footer_widgets":"","ocean_shortcode_after_footer_widgets":"","ocean_shortcode_before_footer_bottom":"","ocean_shortcode_after_footer_bottom":"","ocean_display_top_bar":"default","ocean_display_header":"default","ocean_header_style":"","ocean_center_header_left_menu":"0","ocean_custom_header_template":"0","ocean_custom_logo":0,"ocean_custom_retina_logo":0,"ocean_custom_logo_max_width":0,"ocean_custom_logo_tablet_max_width":0,"ocean_custom_logo_mobile_max_width":0,"ocean_custom_logo_max_height":0,"ocean_custom_logo_tablet_max_height":0,"ocean_custom_logo_mobile_max_height":0,"ocean_header_custom_menu":"0","ocean_menu_typo_font_family":"0","ocean_menu_typo_font_subset":"","ocean_menu_typo_font_size":0,"ocean_menu_typo_font_size_tablet":0,"ocean_menu_typo_font_size_mobile":0,"ocean_menu_typo_font_size_unit":"px","ocean_menu_typo_font_weight":"","ocean_menu_typo_font_weight_tablet":"","ocean_menu_typo_font_weight_mobile":"","ocean_menu_typo_transform":"","ocean_menu_typo_transform_tablet":"","ocean_menu_typo_transform_mobile":"","ocean_menu_typo_line_height":0,"ocean_menu_typo_line_height_tablet":0,"ocean_menu_typo_line_height_mobile":0,"ocean_menu_typo_line_height_unit":"","ocean_menu_typo_spacing":0,"ocean_menu_typo_spacing_tablet":0,"ocean_menu_typo_spacing_mobile":0,"ocean_menu_typo_spacing_unit":"","ocean_menu_link_color":"","ocean_menu_link_color_hover":"","ocean_menu_link_color_active":"","ocean_menu_link_background":"","ocean_menu_link_hover_background":"","ocean_menu_link_active_background":"","ocean_menu_social_links_bg":"","ocean_menu_social_hover_links_bg":"","ocean_menu_social_links_color":"","ocean_menu_social_hover_links_color":"","ocean_disable_title":"default","ocean_disable_heading":"default","ocean_post_title":"","ocean_post_subheading":"","ocean_post_title_style":"","ocean_post_title_background_color":"","ocean_post_title_background":0,"ocean_post_title_bg_image_position":"","ocean_post_title_bg_image_attachment":"","ocean_post_title_bg_image_repeat":"","ocean_post_title_bg_image_size":"","ocean_post_title_height":0,"ocean_post_title_bg_overlay":0.5,"ocean_post_title_bg_overlay_color":"","ocean_disable_breadcrumbs":"default","ocean_breadcrumbs_color":"","ocean_breadcrumbs_separator_color":"","ocean_breadcrumbs_links_color":"","ocean_breadcrumbs_links_hover_color":"","ocean_display_footer_widgets":"default","ocean_display_footer_bottom":"default","ocean_custom_footer_template":"0","omw_enable_modal_window":"enable","footnotes":""},"class_list":["post-518","page","type-page","status-publish","hentry","entry","owp-thumbs-layout-horizontal","owp-btn-normal","owp-tabs-layout-horizontal","has-no-thumbnails","has-product-nav"],"_links":{"self":[{"href":"https:\/\/herbiziola.pl\/index.php?rest_route=\/wp\/v2\/pages\/518","targetHints":{"allow":["GET"]}}],"collection":[{"href":"https:\/\/herbiziola.pl\/index.php?rest_route=\/wp\/v2\/pages"}],"about":[{"href":"https:\/\/herbiziola.pl\/index.php?rest_route=\/wp\/v2\/types\/page"}],"author":[{"embeddable":true,"href":"https:\/\/herbiziola.pl\/index.php?rest_route=\/wp\/v2\/users\/1"}],"replies":[{"embeddable":true,"href":"https:\/\/herbiziola.pl\/index.php?rest_route=%2Fwp%2Fv2%2Fcomments&post=518"}],"version-history":[{"count":4,"href":"https:\/\/herbiziola.pl\/index.php?rest_route=\/wp\/v2\/pages\/518\/revisions"}],"predecessor-version":[{"id":523,"href":"https:\/\/herbiziola.pl\/index.php?rest_route=\/wp\/v2\/pages\/518\/revisions\/523"}],"wp:attachment":[{"href":"https:\/\/herbiziola.pl\/index.php?rest_route=%2Fwp%2Fv2%2Fmedia&parent=518"}],"curies":[{"name":"wp","href":"https:\/\/api.w.org\/{rel}","templated":true}]}}