{"id":532,"date":"2022-02-25T17:14:07","date_gmt":"2022-02-25T17:14:07","guid":{"rendered":"http:\/\/herbiziola.pl\/?page_id=532"},"modified":"2022-02-25T17:16:08","modified_gmt":"2022-02-25T17:16:08","slug":"regulamin","status":"publish","type":"page","link":"https:\/\/herbiziola.pl\/?page_id=532","title":{"rendered":"Regulamin"},"content":{"rendered":"\t\t<div data-elementor-type=\"wp-page\" data-elementor-id=\"532\" class=\"elementor elementor-532\">\n\t\t\t\t\t\t<section class=\"elementor-section elementor-top-section elementor-element elementor-element-4e976e3 elementor-section-boxed elementor-section-height-default elementor-section-height-default\" data-id=\"4e976e3\" data-element_type=\"section\" data-e-type=\"section\">\n\t\t\t\t\t\t<div class=\"elementor-container elementor-column-gap-default\">\n\t\t\t\t\t<div class=\"elementor-column elementor-col-100 elementor-top-column elementor-element elementor-element-9201d77\" data-id=\"9201d77\" data-element_type=\"column\" data-e-type=\"column\">\n\t\t\t<div class=\"elementor-widget-wrap elementor-element-populated\">\n\t\t\t\t\t\t<div class=\"elementor-element elementor-element-28a273e elementor-widget elementor-widget-text-editor\" data-id=\"28a273e\" data-element_type=\"widget\" data-e-type=\"widget\" data-widget_type=\"text-editor.default\">\n\t\t\t\t<div class=\"elementor-widget-container\">\n\t\t\t\t\t\t\t\t\t<p style=\"margin-bottom: 0px; padding-bottom: 10px; color: #666666; font-family: Tahoma, Geneva, sans-serif; font-size: 12.996px; font-style: normal; font-variant-ligatures: normal; font-variant-caps: normal; font-weight: 400;\">REGULAMIN<br style=\"margin: 0px; padding: 0px; border: 0px;\" \/><br style=\"margin: 0px; padding: 0px; border: 0px;\" \/>\u00a0W\u0142a\u015bcicielem sklepu internetowego &#8211; Sklep zielarsko-medyczny &#8222;Herbi&#8221; jest Rosi\u0144ska Ma\u0142gorzata, zwana dalej sprzedaj\u0105cym.<br style=\"margin: 0px; padding: 0px; border: 0px;\" \/><br style=\"margin: 0px; padding: 0px; border: 0px;\" \/>\u00a0I. Sk\u0142adanie zam\u00f3wienia<br style=\"margin: 0px; padding: 0px; border: 0px;\" \/><br style=\"margin: 0px; padding: 0px; border: 0px;\" \/>\u00a01. Ceny towar\u00f3w widoczne w Sklepie s\u0105 ca\u0142kowitymi cenami za towar, w tym zawieraj\u0105 podatek VAT.<br style=\"margin: 0px; padding: 0px; border: 0px;\" \/><br style=\"margin: 0px; padding: 0px; border: 0px;\" \/>\u00a02. Sprzedawca zwraca uwag\u0119, \u017ce na ca\u0142kowit\u0105 cen\u0119 zam\u00f3wienia sk\u0142adaj\u0105 si\u0119 wskazane w Sklepie: cena za towar oraz, je\u015bli w danym przypadku ma to zastosowanie, koszty dostawy towaru.<br style=\"margin: 0px; padding: 0px; border: 0px;\" \/><br style=\"margin: 0px; padding: 0px; border: 0px;\" \/>\u00a03. Wybrany do kupienia towar nale\u017cy doda\u0107 do koszyka w Sklepie.<br style=\"margin: 0px; padding: 0px; border: 0px;\" \/><br style=\"margin: 0px; padding: 0px; border: 0px;\" \/>\u00a04. Nast\u0119pnie Kupuj\u0105cy wybiera z dost\u0119pnych w Sklepie: spos\u00f3b dostawy towaru oraz metod\u0119 p\u0142atno\u015bci za zam\u00f3wienie, a tak\u017ce podaje dane niezb\u0119dne do zrealizowania z\u0142o\u017conego zam\u00f3wienia.<br style=\"margin: 0px; padding: 0px; border: 0px;\" \/><br style=\"margin: 0px; padding: 0px; border: 0px;\" \/>\u00a05. Warunkiem realizacji zam\u00f3wienia jest prawid\u0142owe wype\u0142nienie formularza zam\u00f3wienia, zaznaczenie wybranej formy dostawy i p\u0142atno\u015bci oraz przes\u0142anie tak wype\u0142nionego zam\u00f3wienia z panela zakup\u00f3w<br style=\"margin: 0px; padding: 0px; border: 0px;\" \/><br style=\"margin: 0px; padding: 0px; border: 0px;\" \/>\u00a06. Zam\u00f3wienie zostaje z\u0142o\u017cone w momencie potwierdzenia jego tre\u015bci i zaakceptowania Regulaminu przez Kupuj\u0105cego.<br style=\"margin: 0px; padding: 0px; border: 0px;\" \/><br style=\"margin: 0px; padding: 0px; border: 0px;\" \/>\u00a07. Z\u0142o\u017cenie zam\u00f3wienia jest to\u017csame z zawarciem umowy sprzeda\u017cy pomi\u0119dzy Kupuj\u0105cym a Sprzedawc\u0105.<br style=\"margin: 0px; padding: 0px; border: 0px;\" \/><br style=\"margin: 0px; padding: 0px; border: 0px;\" \/>\u00a08. Sprzedawca przeka\u017ce Konsumentowi potwierdzenie zawarcia umowy sprzeda\u017cy na trwa\u0142ym no\u015bniku najp\u00f3\u017aniej w momencie dostarczenia towaru.<br style=\"margin: 0px; padding: 0px; border: 0px;\" \/><br style=\"margin: 0px; padding: 0px; border: 0px;\" \/>\u00a09. Kupuj\u0105cy mo\u017ce zarejestrowa\u0107 si\u0119 w Sklepie tj. za\u0142o\u017cy\u0107 w nim Konto lub dokonywa\u0107 zakup\u00f3w bez rejestracji poprzez podawanie swoich danych przy ka\u017cdym ewentualnym zam\u00f3wieniu.<br style=\"margin: 0px; padding: 0px; border: 0px;\" \/><br style=\"margin: 0px; padding: 0px; border: 0px;\" \/>\u00a010. Sklep zastrzega sobie prawo do wycofania ze sprzeda\u017cy niekt\u00f3rych produkt\u00f3w lub zmiany cen produkt\u00f3w bez wcze\u015bniejszego poinformowania klient\u00f3w z uwagi na sezonowo\u015b\u0107 oferowanych produkt\u00f3w.<br style=\"margin: 0px; padding: 0px; border: 0px;\" \/><br style=\"margin: 0px; padding: 0px; border: 0px;\" \/>\u00a011. Sprzedaj\u0105cy zastrzega sobie prawo do odrzucenia zam\u00f3wienia w przypadku gdy, formularz zam\u00f3wienia zostanie wype\u0142niony b\u0142\u0119dnie, transakcja nie zostanie zautoryzowana w systemie p\u0142atniczym P\u0142atno\u015bci.pl (w przypadku p\u0142atno\u015bci kart\u0105), kupuj\u0105cy nie przeleje wymaganej kwoty na konto sprzedaj\u0105cego we wskazanym terminie (w przypadku p\u0142atno\u015bci przelewem) lub przesy\u0142ka nie zostanie odebrana z poczty polskiej\/od kuriera.<br style=\"margin: 0px; padding: 0px; border: 0px;\" \/><br style=\"margin: 0px; padding: 0px; border: 0px;\" \/>\u00a012. W przypadku niedost\u0119pno\u015bci towaru w sklepie zamawiaj\u0105cy jest o tym informowany i mo\u017ce podj\u0105\u0107 decyzj\u0119 o cz\u0119\u015bciowej realizacji, wyd\u0142u\u017ceniu oczekiwania, ma r\u00f3wnie\u017c prawo do rezygnacji z zam\u00f3wienia.<br style=\"margin: 0px; padding: 0px; border: 0px;\" \/><br style=\"margin: 0px; padding: 0px; border: 0px;\" \/>\u00a0II. Formy p\u0142atno\u015bci<br style=\"margin: 0px; padding: 0px; border: 0px;\" \/><br style=\"margin: 0px; padding: 0px; border: 0px;\" \/>\u00a0Za z\u0142o\u017cone zam\u00f3wienie mo\u017cna zap\u0142aci\u0107, w zale\u017cno\u015bci od wyboru przez Kupuj\u0105cego:<br style=\"margin: 0px; padding: 0px; border: 0px;\" \/><br style=\"margin: 0px; padding: 0px; border: 0px;\" \/>\u00a01. Przelew bankowy.<br style=\"margin: 0px; padding: 0px; border: 0px;\" \/><br style=\"margin: 0px; padding: 0px; border: 0px;\" \/>Nr konta i dane dla przelew\u00f3w w PLN:<br style=\"margin: 0px; padding: 0px; border: 0px;\" \/>73 1950 0001 2006 0075 4800 0002<br style=\"margin: 0px; padding: 0px; border: 0px;\" \/>ROSI\u0143SKA MA\u0141GORZATA<br style=\"margin: 0px; padding: 0px; border: 0px;\" \/><br style=\"margin: 0px; padding: 0px; border: 0px;\" \/>UL. PI\u0141SUDSKIEGO 32<br style=\"margin: 0px; padding: 0px; border: 0px;\" \/><br style=\"margin: 0px; padding: 0px; border: 0px;\" \/>05-091 Z\u0104BKI<br style=\"margin: 0px; padding: 0px; border: 0px;\" \/><br style=\"margin: 0px; padding: 0px; border: 0px;\" \/>W tytule przelewu nale\u017cy wpisa\u0107 numer zam\u00f3wienia.<br style=\"margin: 0px; padding: 0px; border: 0px;\" \/><br style=\"margin: 0px; padding: 0px; border: 0px;\" \/>2. P\u0142atno\u015b\u0107 elektroniczna (dla zam\u00f3wie\u0144 krajowych).<br style=\"margin: 0px; padding: 0px; border: 0px;\" \/>3. P\u0142atno\u015b\u0107 za pobraniem &#8211; dla przesy\u0142ek kurierskich.<br style=\"margin: 0px; padding: 0px; border: 0px;\" \/>4. P\u0142atno\u015b\u0107 przy odbiorze osobistym<br style=\"margin: 0px; padding: 0px; border: 0px;\" \/><br style=\"margin: 0px; padding: 0px; border: 0px;\" \/>W przypadku wybrania przez Kupuj\u0105cego p\u0142atno\u015bci z g\u00f3ry, za zam\u00f3wienie nale\u017cy zap\u0142aci\u0107 w terminie 3 dni roboczych od z\u0142o\u017cenia zam\u00f3wienia, w przeciwnym razie zam\u00f3wienie b\u0119dzie anulowane.<br style=\"margin: 0px; padding: 0px; border: 0px;\" \/><br style=\"margin: 0px; padding: 0px; border: 0px;\" \/>III. Koszty wysy\u0142ki<br style=\"margin: 0px; padding: 0px; border: 0px;\" \/><br style=\"margin: 0px; padding: 0px; border: 0px;\" \/>Specyfikacja op\u0142at za przesy\u0142ki w zale\u017cno\u015bci od formy dostawy i sposobu p\u0142atno\u015bci :<br style=\"margin: 0px; padding: 0px; border: 0px;\" \/><br style=\"margin: 0px; padding: 0px; border: 0px;\" \/>firma kurierska DPD -15 z\u0142 za pobraniem +8z\u0142<br style=\"margin: 0px; padding: 0px; border: 0px;\" \/><br style=\"margin: 0px; padding: 0px; border: 0px;\" \/>Poczta Polska -16 z\u0142 za pobraniem +4z\u0142<br style=\"margin: 0px; padding: 0px; border: 0px;\" \/><br style=\"margin: 0px; padding: 0px; border: 0px;\" \/>paczkomaty Inpost 15 z\u0142<br style=\"margin: 0px; padding: 0px; border: 0px;\" \/><br style=\"margin: 0px; padding: 0px; border: 0px;\" \/>odbi\u00f3r osobisty- 0 z\u0142<br style=\"margin: 0px; padding: 0px; border: 0px;\" \/><br style=\"margin: 0px; padding: 0px; border: 0px;\" \/>IV. Realizacja zam\u00f3wienia<br style=\"margin: 0px; padding: 0px; border: 0px;\" \/><br style=\"margin: 0px; padding: 0px; border: 0px;\" \/>1. Zam\u00f3wienie wysy\u0142amy na podany w zam\u00f3wieniu adres bezpo\u015brednio po skompletowaniu, czyli po up\u0142ywie najd\u0142u\u017cszego z czas\u00f3w podanych dla zamawianych produkt\u00f3w. Termin otrzymania zam\u00f3wienia = czas realizacji zam\u00f3wienia + czas dostawy<br style=\"margin: 0px; padding: 0px; border: 0px;\" \/><br style=\"margin: 0px; padding: 0px; border: 0px;\" \/>2. W przypadku, gdy Kupuj\u0105cy wybra\u0142 p\u0142atno\u015b\u0107 z g\u00f3ry za zam\u00f3wienie, Sprzedawca przyst\u0105pi do realizacji zam\u00f3wienia po jego op\u0142aceniu.<br style=\"margin: 0px; padding: 0px; border: 0px;\" \/><br style=\"margin: 0px; padding: 0px; border: 0px;\" \/>3. Towary zakupione w Sklepie dostarczane s\u0105 w zale\u017cno\u015bci od tego jak\u0105 metod\u0119 dostawy wybra\u0142 Kupuj\u0105cy.<br style=\"margin: 0px; padding: 0px; border: 0px;\" \/><br style=\"margin: 0px; padding: 0px; border: 0px;\" \/>4.W przypadku wybrania odbioru osobistego przez Kupuj\u0105cego, towar b\u0119dzie gotowy do odbioru we wskazanym terminie realizacji zam\u00f3wienia, a w przypadku gdy Sprzedawca wskaza\u0142 termin wys\u0142ania towaru \u2013 w tym terminie.<br style=\"margin: 0px; padding: 0px; border: 0px;\" \/><br style=\"margin: 0px; padding: 0px; border: 0px;\" \/>5.W przypadku wyboru przez klienta sposobu p\u0142atno\u015bci przelewem lub kart\u0105 p\u0142atnicz\u0105, czas realizacji zam\u00f3wienia liczony jest od dnia uznania rachunku bankowego lub konta rozliczeniowego Sprzedawcy.<br style=\"margin: 0px; padding: 0px; border: 0px;\" \/><br style=\"margin: 0px; padding: 0px; border: 0px;\" \/>6.Czas dostawy to zazwyczaj 2-5 dni roboczych.<br style=\"margin: 0px; padding: 0px; border: 0px;\" \/><br style=\"margin: 0px; padding: 0px; border: 0px;\" \/>7.Je\u015bli w zam\u00f3wieniu znajd\u0105 si\u0119 produkty w danej chwili niedost\u0119pne, poinformujemy o tym mailowo lub telefoniczne. W\u00f3wczas mo\u017cna b\u0119dzie wybra\u0107 mi\u0119dzy oczekiwaniem na najbli\u017csz\u0105 dostaw\u0119, zaproponujemy inny podobny produkt b\u0105d\u017a zwrot pieni\u0119dzy.<br style=\"margin: 0px; padding: 0px; border: 0px;\" \/><br style=\"margin: 0px; padding: 0px; border: 0px;\" \/>8.Kupuj\u0105cy zostaje poinformowany o przes\u0142aniu zam\u00f3wionego towaru w osobnym emailu.<br style=\"margin: 0px; padding: 0px; border: 0px;\" \/><br style=\"margin: 0px; padding: 0px; border: 0px;\" \/>V. Gwarancje i zwroty<br style=\"margin: 0px; padding: 0px; border: 0px;\" \/><br style=\"margin: 0px; padding: 0px; border: 0px;\" \/>1.Wszystkie produkty oferowane w sklepie s\u0105 fabrycznie nowe, wolne od wad fizycznych i prawnych, oraz zosta\u0142y legalnie wprowadzone na polski rynek.<br style=\"margin: 0px; padding: 0px; border: 0px;\" \/><br style=\"margin: 0px; padding: 0px; border: 0px;\" \/>2.W przypadku reklamacji towaru kupuj\u0105cy wysy\u0142a towar na w\u0142asny koszt, z pisemnym opisem wady, po pozytywnym rozpatrzeniu reklamacji koszt ten zostanie mu zwr\u00f3cony na wskazane konto bankowe.<br style=\"margin: 0px; padding: 0px; border: 0px;\" \/><br style=\"margin: 0px; padding: 0px; border: 0px;\" \/>3.Kupuj\u0105cy ma prawo zwrotu zakupionego towaru w stanie niezmienionym bez podania przyczyn do 10 dni od daty dostawy przesy\u0142ki. Zwrot towaru odbywa si\u0119 na koszt zwracaj\u0105cego.<br style=\"margin: 0px; padding: 0px; border: 0px;\" \/><br style=\"margin: 0px; padding: 0px; border: 0px;\" \/>4.Uszkodzenia mechaniczne wynikaj\u0105ce z nieprawid\u0142owego u\u017cytkowania nie podlegaj\u0105 zwrotowi.<br style=\"margin: 0px; padding: 0px; border: 0px;\" \/><br style=\"margin: 0px; padding: 0px; border: 0px;\" \/><br style=\"margin: 0px; padding: 0px; border: 0px;\" \/>VI. Ochrona danych osobowych, bezpiecze\u0144stwo zakup\u00f3w.<br style=\"margin: 0px; padding: 0px; border: 0px;\" \/><br style=\"margin: 0px; padding: 0px; border: 0px;\" \/>1. Administratorem danych osobowych przekazanych przez Kupuj\u0105cego podczas korzystania ze Sklepu jest Sprzedawca.<br style=\"margin: 0px; padding: 0px; border: 0px;\" \/><br style=\"margin: 0px; padding: 0px; border: 0px;\" \/>2.Dane te b\u0119d\u0105 przetwarzane w celu realizacji zam\u00f3wie\u0144 oraz w celach marketingowych.<br style=\"margin: 0px; padding: 0px; border: 0px;\" \/><br style=\"margin: 0px; padding: 0px; border: 0px;\" \/>3.Dane Klient\u00f3w nie s\u0105 przekazywane osobom trzecim.<br style=\"margin: 0px; padding: 0px; border: 0px;\" \/><br style=\"margin: 0px; padding: 0px; border: 0px;\" \/>4. Klient dysponuje prawem wgl\u0105du do swoich danych, ich poprawiania oraz \u017c\u0105dania zaprzestania ich przetwarzania.<br style=\"margin: 0px; padding: 0px; border: 0px;\" \/>VII. Kontakt ze sprzedawc\u0105.<\/p><p style=\"margin-bottom: 0px; padding-bottom: 10px; color: #666666; font-family: Tahoma, Geneva, sans-serif; font-size: 12.996px; font-style: normal; font-variant-ligatures: normal; font-variant-caps: normal; font-weight: 400;\">Adres pocztowy: sklep zielarsko-medyczny &#8222;Herbi&#8221; Rosi\u0144ska Ma\u0142gorzata, ul. Pi\u0142sudskiego 32, 05-091 Z\u0105bki<\/p><p style=\"margin-bottom: 0px; padding-bottom: 10px; color: #666666; font-family: Tahoma, Geneva, sans-serif; font-size: 12.996px; font-style: normal; font-variant-ligatures: normal; font-variant-caps: normal; font-weight: 400;\">Adres email: sklep@ herbiziola.pl<br style=\"margin: 0px; padding: 0px; border: 0px;\" \/><br style=\"margin: 0px; padding: 0px; border: 0px;\" \/>telefon: 507-928-419<br style=\"margin: 0px; padding: 0px; border: 0px;\" \/><br style=\"margin: 0px; padding: 0px; border: 0px;\" \/>VIII. Postanowienia ko\u0144cowe.<\/p><p style=\"margin-bottom: 0px; padding-bottom: 10px; color: #666666; font-family: Tahoma, Geneva, sans-serif; font-size: 12.996px; font-style: normal; font-variant-ligatures: normal; font-variant-caps: normal; font-weight: 400;\">Zamawiaj\u0105cy wyra\u017ca zgod\u0119 na wykorzystanie jego danych osobowych w celu wykonania zam\u00f3wienia.<br style=\"margin: 0px; padding: 0px; border: 0px;\" \/><br style=\"margin: 0px; padding: 0px; border: 0px;\" \/>Sklep zastrzega sobie prawo do zmiany regulaminu.<\/p><p style=\"margin-bottom: 0px; padding-bottom: 10px; color: #666666; font-family: Tahoma, Geneva, sans-serif; font-size: 12.996px; font-style: normal; font-variant-ligatures: normal; font-variant-caps: normal; font-weight: 400;\">S\u0105dem w\u0142a\u015bciwym do rozpatrywania spraw spornych zwi\u0105zanych z umow\u0105 jest s\u0105d w\u0142a\u015bciwy dla pozwanego lub s\u0105d w\u0142a\u015bciwy dla miejsca wykonania umowy.<br style=\"margin: 0px; padding: 0px; border: 0px;\" \/><br style=\"margin: 0px; padding: 0px; border: 0px;\" \/>Sk\u0142adaj\u0105cy zam\u00f3wienie akceptuje warunki niniejszego regulaminu.<\/p><p style=\"margin-bottom: 0px; padding-bottom: 10px; color: #666666; font-family: Tahoma, Geneva, sans-serif; font-size: 12.996px; font-style: normal; font-variant-ligatures: normal; font-variant-caps: normal; font-weight: 400;\">Administratorem Twoich danych osobowych jest Sklep zielarsko -medyczny &#8222;Herbi&#8221; Rosi\u0144ska Ma\u0142gorzata z siedzib\u0105 w Z\u0105bkach 05-091 przy ul. Pi\u0142sudskiego 32, wpisanej do Centralnej Ewidencji i Informacji o Dzia\u0142alno\u015bci Gospodarczej, pod numerem NIP 1250557081, REGON\u00a0 012253967. Do kontaktu w sprawie przetwarzania i ochrony danych osobowych\u00a0 wskazuj\u0119\u00a0 adres email: sklep@ herbiziola.pl lub adres korespondencyjny Z\u0105bki 05-091 ul. Pi\u0142sudskiego 32.<\/p><p style=\"margin-bottom: 0px; padding-bottom: 10px; color: #666666; font-family: Tahoma, Geneva, sans-serif; font-size: 12.996px; font-style: normal; font-variant-ligatures: normal; font-variant-caps: normal; font-weight: 400;\">Poni\u017cej znajdziesz wszelkie niezb\u0119dne informacje dotycz\u0105ce przetwarzania Twoich danych osobowych w zwi\u0105zku z realizacj\u0105 umowy sprzeda\u017cy produkt\u00f3w w sklepie internetowym.\u00a0<\/p><p style=\"margin-bottom: 0px; padding-bottom: 10px; color: #666666; font-family: Tahoma, Geneva, sans-serif; font-size: 12.996px; font-style: normal; font-variant-ligatures: normal; font-variant-caps: normal; font-weight: 400;\">Dane osobowe przetwarzane b\u0119d\u0105 w celu:<\/p><p style=\"margin-bottom: 0px; padding-bottom: 10px; color: #666666; font-family: Tahoma, Geneva, sans-serif; font-size: 12.996px; font-style: normal; font-variant-ligatures: normal; font-variant-caps: normal; font-weight: 400;\">&#8211; realizacji umowy sprzeda\u017cy towar\u00f3w w sklepie internetowym,\u00a0<\/p><p style=\"margin-bottom: 0px; padding-bottom: 10px; color: #666666; font-family: Tahoma, Geneva, sans-serif; font-size: 12.996px; font-style: normal; font-variant-ligatures: normal; font-variant-caps: normal; font-weight: 400;\">&#8211; marketingu bezpo\u015bredniego,\u00a0<\/p><p style=\"margin-bottom: 0px; padding-bottom: 10px; color: #666666; font-family: Tahoma, Geneva, sans-serif; font-size: 12.996px; font-style: normal; font-variant-ligatures: normal; font-variant-caps: normal; font-weight: 400;\">&#8211; finansowo-ksi\u0119gowych zgodnie z przepisami prawa podatkowego\u00a0<\/p><p style=\"margin-bottom: 0px; padding-bottom: 10px; color: #666666; font-family: Tahoma, Geneva, sans-serif; font-size: 12.996px; font-style: normal; font-variant-ligatures: normal; font-variant-caps: normal; font-weight: 400;\">&#8211; ewentualnego dochodzenia roszcze\u0144 zgodnie z przepisami Kodeksu Cywilnego<\/p><p style=\"margin-bottom: 0px; padding-bottom: 10px; color: #666666; font-family: Tahoma, Geneva, sans-serif; font-size: 12.996px; font-style: normal; font-variant-ligatures: normal; font-variant-caps: normal; font-weight: 400;\">Dane osobowe b\u0119d\u0105 przechowywane do czasu wyga\u015bni\u0119cia okresu roszcze\u0144 w zwi\u0105zku z\u00a0 zawart\u0105 umow\u0105 sprzeda\u017cy.\u00a0<\/p><p style=\"margin-bottom: 0px; padding-bottom: 10px; color: #666666; font-family: Tahoma, Geneva, sans-serif; font-size: 12.996px; font-style: normal; font-variant-ligatures: normal; font-variant-caps: normal; font-weight: 400;\">Podanie danych osobowych jest dobrowolne. Niepodanie danych osobowych przez Kupuj\u0105cego uniemo\u017cliwi wykonanie umowy sprzeda\u017cy produkt\u00f3w.\u00a0<\/p><p style=\"margin-bottom: 0px; padding-bottom: 10px; color: #666666; font-family: Tahoma, Geneva, sans-serif; font-size: 12.996px; font-style: normal; font-variant-ligatures: normal; font-variant-caps: normal; font-weight: 400;\">Jako administrator Twoich danych, zapewniamy Ci prawo dost\u0119pu do Twoich danych, mo\u017cesz je r\u00f3wnie\u017c sprostowa\u0107, \u017c\u0105da\u0107 ich usuni\u0119cia lub ograniczenia ich przetwarzania. Mo\u017cesz tak\u017ce skorzysta\u0107 z uprawnienia do z\u0142o\u017cenia wobec Administratora sprzeciwu wobec przetwarzania Twoich danych oraz prawa do przenoszenia danych do innego administratora danych. W przypadku wyra\u017cenia dobrowolnej zgody, przys\u0142uguje Ci prawo cofni\u0119cia zgody na przetwarzanie danych w dowolnym momencie co nie wp\u0142ywa na zgodno\u015b\u0107 z prawem przetwarzania, kt\u00f3rego dokonano na podstawie zgody przed jej cofni\u0119ciem. Informujemy tak\u017ce, \u017ce przys\u0142uguje Ci prawo wniesienia skargi do organu nadzoruj\u0105cego przestrzeganie przepis\u00f3w ochrony danych osobowych.<\/p>\t\t\t\t\t\t\t\t<\/div>\n\t\t\t\t<\/div>\n\t\t\t\t\t<\/div>\n\t\t<\/div>\n\t\t\t\t\t<\/div>\n\t\t<\/section>\n\t\t\t\t<\/div>\n\t\t","protected":false},"excerpt":{"rendered":"<p>REGULAMIN\u00a0W\u0142a\u015bcicielem sklepu internetowego &#8211; Sklep zielarsko-medyczny &#8222;Herbi&#8221; jest Rosi\u0144ska Ma\u0142gorzata, zwana dalej sprzedaj\u0105cym.\u00a0I. Sk\u0142adanie zam\u00f3wienia\u00a01. Ceny towar\u00f3w widoczne w Sklepie s\u0105 ca\u0142kowitymi cenami za towar, w tym zawieraj\u0105 podatek VAT.\u00a02. Sprzedawca zwraca uwag\u0119, \u017ce na ca\u0142kowit\u0105 cen\u0119 zam\u00f3wienia sk\u0142adaj\u0105 si\u0119 wskazane w Sklepie: cena za towar oraz, je\u015bli w danym przypadku ma to zastosowanie, koszty [&hellip;]<\/p>\n","protected":false},"author":1,"featured_media":0,"parent":0,"menu_order":0,"comment_status":"closed","ping_status":"closed","template":"","meta":{"ocean_post_layout":"","ocean_both_sidebars_style":"","ocean_both_sidebars_content_width":0,"ocean_both_sidebars_sidebars_width":0,"ocean_sidebar":"0","ocean_second_sidebar":"0","ocean_disable_margins":"enable","ocean_add_body_class":"","ocean_shortcode_before_top_bar":"","ocean_shortcode_after_top_bar":"","ocean_shortcode_before_header":"","ocean_shortcode_after_header":"","ocean_has_shortcode":"","ocean_shortcode_after_title":"","ocean_shortcode_before_footer_widgets":"","ocean_shortcode_after_footer_widgets":"","ocean_shortcode_before_footer_bottom":"","ocean_shortcode_after_footer_bottom":"","ocean_display_top_bar":"default","ocean_display_header":"default","ocean_header_style":"","ocean_center_header_left_menu":"0","ocean_custom_header_template":"0","ocean_custom_logo":0,"ocean_custom_retina_logo":0,"ocean_custom_logo_max_width":0,"ocean_custom_logo_tablet_max_width":0,"ocean_custom_logo_mobile_max_width":0,"ocean_custom_logo_max_height":0,"ocean_custom_logo_tablet_max_height":0,"ocean_custom_logo_mobile_max_height":0,"ocean_header_custom_menu":"0","ocean_menu_typo_font_family":"0","ocean_menu_typo_font_subset":"","ocean_menu_typo_font_size":0,"ocean_menu_typo_font_size_tablet":0,"ocean_menu_typo_font_size_mobile":0,"ocean_menu_typo_font_size_unit":"px","ocean_menu_typo_font_weight":"","ocean_menu_typo_font_weight_tablet":"","ocean_menu_typo_font_weight_mobile":"","ocean_menu_typo_transform":"","ocean_menu_typo_transform_tablet":"","ocean_menu_typo_transform_mobile":"","ocean_menu_typo_line_height":0,"ocean_menu_typo_line_height_tablet":0,"ocean_menu_typo_line_height_mobile":0,"ocean_menu_typo_line_height_unit":"","ocean_menu_typo_spacing":0,"ocean_menu_typo_spacing_tablet":0,"ocean_menu_typo_spacing_mobile":0,"ocean_menu_typo_spacing_unit":"","ocean_menu_link_color":"","ocean_menu_link_color_hover":"","ocean_menu_link_color_active":"","ocean_menu_link_background":"","ocean_menu_link_hover_background":"","ocean_menu_link_active_background":"","ocean_menu_social_links_bg":"","ocean_menu_social_hover_links_bg":"","ocean_menu_social_links_color":"","ocean_menu_social_hover_links_color":"","ocean_disable_title":"default","ocean_disable_heading":"default","ocean_post_title":"","ocean_post_subheading":"","ocean_post_title_style":"","ocean_post_title_background_color":"","ocean_post_title_background":0,"ocean_post_title_bg_image_position":"","ocean_post_title_bg_image_attachment":"","ocean_post_title_bg_image_repeat":"","ocean_post_title_bg_image_size":"","ocean_post_title_height":0,"ocean_post_title_bg_overlay":0.5,"ocean_post_title_bg_overlay_color":"","ocean_disable_breadcrumbs":"default","ocean_breadcrumbs_color":"","ocean_breadcrumbs_separator_color":"","ocean_breadcrumbs_links_color":"","ocean_breadcrumbs_links_hover_color":"","ocean_display_footer_widgets":"default","ocean_display_footer_bottom":"default","ocean_custom_footer_template":"0","omw_enable_modal_window":"enable","footnotes":""},"class_list":["post-532","page","type-page","status-publish","hentry","entry","owp-thumbs-layout-horizontal","owp-btn-normal","owp-tabs-layout-horizontal","has-no-thumbnails","has-product-nav"],"_links":{"self":[{"href":"https:\/\/herbiziola.pl\/index.php?rest_route=\/wp\/v2\/pages\/532","targetHints":{"allow":["GET"]}}],"collection":[{"href":"https:\/\/herbiziola.pl\/index.php?rest_route=\/wp\/v2\/pages"}],"about":[{"href":"https:\/\/herbiziola.pl\/index.php?rest_route=\/wp\/v2\/types\/page"}],"author":[{"embeddable":true,"href":"https:\/\/herbiziola.pl\/index.php?rest_route=\/wp\/v2\/users\/1"}],"replies":[{"embeddable":true,"href":"https:\/\/herbiziola.pl\/index.php?rest_route=%2Fwp%2Fv2%2Fcomments&post=532"}],"version-history":[{"count":7,"href":"https:\/\/herbiziola.pl\/index.php?rest_route=\/wp\/v2\/pages\/532\/revisions"}],"predecessor-version":[{"id":539,"href":"https:\/\/herbiziola.pl\/index.php?rest_route=\/wp\/v2\/pages\/532\/revisions\/539"}],"wp:attachment":[{"href":"https:\/\/herbiziola.pl\/index.php?rest_route=%2Fwp%2Fv2%2Fmedia&parent=532"}],"curies":[{"name":"wp","href":"https:\/\/api.w.org\/{rel}","templated":true}]}}