{"id":467,"date":"2022-02-12T16:24:25","date_gmt":"2022-02-12T16:24:25","guid":{"rendered":"http:\/\/herbiziola.pl\/?post_type=product&#038;p=467"},"modified":"2025-09-15T18:58:32","modified_gmt":"2025-09-15T18:58:32","slug":"herbatka-ziolowa-przy-przeroscie-prostaty","status":"publish","type":"product","link":"https:\/\/herbiziola.pl\/?product=herbatka-ziolowa-przy-przeroscie-prostaty","title":{"rendered":"HERBATKA ZIO\u0141OWA PRZY PRZERO\u015aCIE PROSTATY"},"content":{"rendered":"<p>wed\u0142ug literatury zielarskiej zio\u0142a wchodz\u0105ce w sk\u0142ad herbatki zio\u0142owej wspomagaj\u0105 utrzymanie prawid\u0142owego stanu prostaty, wspomaga \u0142agodzenie objaw\u00f3w przerostu gruczo\u0142u krokowego, wykazuje dzia\u0142anie diuretyczne, co u\u0142atwia oddawanie moczu, opr\u00f3\u017cniania p\u0119cherza, zmniejsza dolegliwo\u015bci b\u00f3lowe przy oddawaniu moczu, do stosowania w stanach zapalnych nerek i dr\u00f3g moczowych, przy os\u0142abieniu przes\u0105czania k\u0142\u0119bkowego i zmniejszonej diurezie, uszkodzeniu nerek w wyniku aktywno\u015bci bakterii, w zatruciu toksynami, w trudno\u015bciach z oddawaniem moczu, ma dzia\u0142anie antybakteryjne, przeciwzapalne, rozkurczowe, przeciw- b\u00f3lowe, w stanach zapalnych gruczo\u0142u krokowego,<\/p>\n","protected":false},"excerpt":{"rendered":"<p>wed\u0142ug literatury zielarskiej zio\u0142a wchodz\u0105ce w sk\u0142ad herbatki zio\u0142owej wspomagaj\u0105 utrzymanie prawid\u0142owego stanu prostaty, wspomaga \u0142agodzenie objaw\u00f3w przerostu gruczo\u0142u krokowego, wykazuje &#8230;<\/p>\n","protected":false},"featured_media":468,"template":"","meta":{"ocean_post_layout":"","ocean_both_sidebars_style":"","ocean_both_sidebars_content_width":0,"ocean_both_sidebars_sidebars_width":0,"ocean_sidebar":"0","ocean_second_sidebar":"0","ocean_disable_margins":"enable","ocean_add_body_class":"","ocean_shortcode_before_top_bar":"","ocean_shortcode_after_top_bar":"","ocean_shortcode_before_header":"","ocean_shortcode_after_header":"","ocean_has_shortcode":"","ocean_shortcode_after_title":"","ocean_shortcode_before_footer_widgets":"","ocean_shortcode_after_footer_widgets":"","ocean_shortcode_before_footer_bottom":"","ocean_shortcode_after_footer_bottom":"","ocean_display_top_bar":"default","ocean_display_header":"default","ocean_header_style":"","ocean_center_header_left_menu":"0","ocean_custom_header_template":"0","ocean_custom_logo":0,"ocean_custom_retina_logo":0,"ocean_custom_logo_max_width":0,"ocean_custom_logo_tablet_max_width":0,"ocean_custom_logo_mobile_max_width":0,"ocean_custom_logo_max_height":0,"ocean_custom_logo_tablet_max_height":0,"ocean_custom_logo_mobile_max_height":0,"ocean_header_custom_menu":"0","ocean_menu_typo_font_family":"0","ocean_menu_typo_font_subset":"","ocean_menu_typo_font_size":0,"ocean_menu_typo_font_size_tablet":0,"ocean_menu_typo_font_size_mobile":0,"ocean_menu_typo_font_size_unit":"px","ocean_menu_typo_font_weight":"","ocean_menu_typo_font_weight_tablet":"","ocean_menu_typo_font_weight_mobile":"","ocean_menu_typo_transform":"","ocean_menu_typo_transform_tablet":"","ocean_menu_typo_transform_mobile":"","ocean_menu_typo_line_height":0,"ocean_menu_typo_line_height_tablet":0,"ocean_menu_typo_line_height_mobile":0,"ocean_menu_typo_line_height_unit":"","ocean_menu_typo_spacing":0,"ocean_menu_typo_spacing_tablet":0,"ocean_menu_typo_spacing_mobile":0,"ocean_menu_typo_spacing_unit":"","ocean_menu_link_color":"","ocean_menu_link_color_hover":"","ocean_menu_link_color_active":"","ocean_menu_link_background":"","ocean_menu_link_hover_background":"","ocean_menu_link_active_background":"","ocean_menu_social_links_bg":"","ocean_menu_social_hover_links_bg":"","ocean_menu_social_links_color":"","ocean_menu_social_hover_links_color":"","ocean_disable_title":"default","ocean_disable_heading":"default","ocean_post_title":"","ocean_post_subheading":"","ocean_post_title_style":"","ocean_post_title_background_color":"","ocean_post_title_background":0,"ocean_post_title_bg_image_position":"","ocean_post_title_bg_image_attachment":"","ocean_post_title_bg_image_repeat":"","ocean_post_title_bg_image_size":"","ocean_post_title_height":0,"ocean_post_title_bg_overlay":0.5,"ocean_post_title_bg_overlay_color":"","ocean_disable_breadcrumbs":"default","ocean_breadcrumbs_color":"","ocean_breadcrumbs_separator_color":"","ocean_breadcrumbs_links_color":"","ocean_breadcrumbs_links_hover_color":"","ocean_display_footer_widgets":"default","ocean_display_footer_bottom":"default","ocean_custom_footer_template":"0","omw_enable_modal_window":"enable"},"product_brand":[],"product_cat":[30],"product_tag":[],"class_list":{"0":"post-467","1":"product","2":"type-product","3":"status-publish","4":"has-post-thumbnail","6":"product_cat-herbatki-ziolowe","8":"entry","9":"has-media","11":"first","12":"instock","13":"shipping-taxable","14":"purchasable","15":"product-type-simple","16":"has-product-nav","17":"col","18":"span_1_of_3","19":"owp-content-center","20":"owp-thumbs-layout-horizontal","21":"owp-btn-normal","22":"owp-tabs-layout-horizontal","23":"has-no-thumbnails"},"_links":{"self":[{"href":"https:\/\/herbiziola.pl\/index.php?rest_route=\/wp\/v2\/product\/467","targetHints":{"allow":["GET"]}}],"collection":[{"href":"https:\/\/herbiziola.pl\/index.php?rest_route=\/wp\/v2\/product"}],"about":[{"href":"https:\/\/herbiziola.pl\/index.php?rest_route=\/wp\/v2\/types\/product"}],"wp:featuredmedia":[{"embeddable":true,"href":"https:\/\/herbiziola.pl\/index.php?rest_route=\/wp\/v2\/media\/468"}],"wp:attachment":[{"href":"https:\/\/herbiziola.pl\/index.php?rest_route=%2Fwp%2Fv2%2Fmedia&parent=467"}],"wp:term":[{"taxonomy":"product_brand","embeddable":true,"href":"https:\/\/herbiziola.pl\/index.php?rest_route=%2Fwp%2Fv2%2Fproduct_brand&post=467"},{"taxonomy":"product_cat","embeddable":true,"href":"https:\/\/herbiziola.pl\/index.php?rest_route=%2Fwp%2Fv2%2Fproduct_cat&post=467"},{"taxonomy":"product_tag","embeddable":true,"href":"https:\/\/herbiziola.pl\/index.php?rest_route=%2Fwp%2Fv2%2Fproduct_tag&post=467"}],"curies":[{"name":"wp","href":"https:\/\/api.w.org\/{rel}","templated":true}]}}