{"id":85,"date":"2016-08-22T22:03:25","date_gmt":"2016-08-22T22:03:25","guid":{"rendered":"https:\/\/oceanwp.org\/simple\/product\/superocean-heritage-watch\/"},"modified":"2025-09-15T19:07:36","modified_gmt":"2025-09-15T19:07:36","slug":"herbatka-oczyszczajaca-pluca","status":"publish","type":"product","link":"https:\/\/herbiziola.pl\/?product=herbatka-oczyszczajaca-pluca","title":{"rendered":"HERBATKA OCZYSZCZAJ\u0104CA P\u0141UCA"},"content":{"rendered":"<p>wed\u0142ug literatury zielarskiej zio\u0142a wchodz\u0105ce w sk\u0142ad herbatki zio\u0142owej dzia\u0142aj\u0105 os\u0142aniaj\u0105co na b\u0142ony \u015bluzowe dr\u00f3g oddechowych, chroni b\u0142on\u0119 \u015bluzow\u0105, \u0142agodzi podra\u017cnienia, uszkodzenia, zmniejsza stany zapalne, zwi\u0119ksza odporno\u015b\u0107 p\u0119cherzyk\u00f3w p\u0142ucnych na dzia\u0142anie szkodliwych substancji lotnych, py\u0142u, dymu, gaz\u00f3w spalinowych, produkt\u00f3w naftowych, \u0142agodzi sucho\u015b\u0107 w gardle, os\u0142ania \u015bluz\u00f3wk\u0119 i prze\u0142yk, dzia\u0142a rozkurczaj\u0105co na mi\u0119\u015bnie g\u0142adkie dr\u00f3g oddechowych, stosowana w dolegliwo\u015bciach z towarzysz\u0105cym suchym kaszlu, chrypce, b\u00f3lach gard\u0142a, zalecana osobom pal\u0105cym oraz chc\u0105cym rzuci\u0107 palenie papieros\u00f3w, wspomaga usuwanie szkodliwych substancji i toksyn z organizmu,<\/p>\n","protected":false},"excerpt":{"rendered":"<p>wed\u0142ug literatury zielarskiej zio\u0142a wchodz\u0105ce w sk\u0142ad herbatki zio\u0142owej dzia\u0142aj\u0105 os\u0142aniaj\u0105co na b\u0142ony \u015bluzowe dr\u00f3g oddechowych, chroni b\u0142on\u0119 \u015bluzow\u0105, \u0142agodzi podra\u017cnienia, uszkodzenia, zmniejsza &#8230;<\/p>\n","protected":false},"featured_media":414,"template":"","meta":{"ocean_post_layout":"","ocean_both_sidebars_style":"","ocean_both_sidebars_content_width":0,"ocean_both_sidebars_sidebars_width":0,"ocean_sidebar":"0","ocean_second_sidebar":"0","ocean_disable_margins":"enable","ocean_add_body_class":"","ocean_shortcode_before_top_bar":"","ocean_shortcode_after_top_bar":"","ocean_shortcode_before_header":"","ocean_shortcode_after_header":"","ocean_has_shortcode":"","ocean_shortcode_after_title":"","ocean_shortcode_before_footer_widgets":"","ocean_shortcode_after_footer_widgets":"","ocean_shortcode_before_footer_bottom":"","ocean_shortcode_after_footer_bottom":"","ocean_display_top_bar":"default","ocean_display_header":"default","ocean_header_style":"","ocean_center_header_left_menu":"0","ocean_custom_header_template":"0","ocean_custom_logo":0,"ocean_custom_retina_logo":0,"ocean_custom_logo_max_width":0,"ocean_custom_logo_tablet_max_width":0,"ocean_custom_logo_mobile_max_width":0,"ocean_custom_logo_max_height":0,"ocean_custom_logo_tablet_max_height":0,"ocean_custom_logo_mobile_max_height":0,"ocean_header_custom_menu":"0","ocean_menu_typo_font_family":"0","ocean_menu_typo_font_subset":"","ocean_menu_typo_font_size":0,"ocean_menu_typo_font_size_tablet":0,"ocean_menu_typo_font_size_mobile":0,"ocean_menu_typo_font_size_unit":"px","ocean_menu_typo_font_weight":"","ocean_menu_typo_font_weight_tablet":"","ocean_menu_typo_font_weight_mobile":"","ocean_menu_typo_transform":"","ocean_menu_typo_transform_tablet":"","ocean_menu_typo_transform_mobile":"","ocean_menu_typo_line_height":0,"ocean_menu_typo_line_height_tablet":0,"ocean_menu_typo_line_height_mobile":0,"ocean_menu_typo_line_height_unit":"","ocean_menu_typo_spacing":0,"ocean_menu_typo_spacing_tablet":0,"ocean_menu_typo_spacing_mobile":0,"ocean_menu_typo_spacing_unit":"","ocean_menu_link_color":"","ocean_menu_link_color_hover":"","ocean_menu_link_color_active":"","ocean_menu_link_background":"","ocean_menu_link_hover_background":"","ocean_menu_link_active_background":"","ocean_menu_social_links_bg":"","ocean_menu_social_hover_links_bg":"","ocean_menu_social_links_color":"","ocean_menu_social_hover_links_color":"","ocean_disable_title":"default","ocean_disable_heading":"default","ocean_post_title":"","ocean_post_subheading":"","ocean_post_title_style":"","ocean_post_title_background_color":"","ocean_post_title_background":0,"ocean_post_title_bg_image_position":"","ocean_post_title_bg_image_attachment":"","ocean_post_title_bg_image_repeat":"","ocean_post_title_bg_image_size":"","ocean_post_title_height":400,"ocean_post_title_bg_overlay":0.5,"ocean_post_title_bg_overlay_color":"","ocean_disable_breadcrumbs":"default","ocean_breadcrumbs_color":"","ocean_breadcrumbs_separator_color":"","ocean_breadcrumbs_links_color":"","ocean_breadcrumbs_links_hover_color":"","ocean_display_footer_widgets":"default","ocean_display_footer_bottom":"default","ocean_custom_footer_template":"0","omw_enable_modal_window":"enable"},"product_brand":[],"product_cat":[30],"product_tag":[],"class_list":{"0":"post-85","1":"product","2":"type-product","3":"status-publish","4":"has-post-thumbnail","6":"product_cat-herbatki-ziolowe","8":"entry","9":"has-media","11":"first","12":"instock","13":"shipping-taxable","14":"purchasable","15":"product-type-simple","16":"has-product-nav","17":"col","18":"span_1_of_3","19":"owp-content-center","20":"owp-thumbs-layout-horizontal","21":"owp-btn-normal","22":"owp-tabs-layout-horizontal","23":"has-no-thumbnails"},"_links":{"self":[{"href":"https:\/\/herbiziola.pl\/index.php?rest_route=\/wp\/v2\/product\/85","targetHints":{"allow":["GET"]}}],"collection":[{"href":"https:\/\/herbiziola.pl\/index.php?rest_route=\/wp\/v2\/product"}],"about":[{"href":"https:\/\/herbiziola.pl\/index.php?rest_route=\/wp\/v2\/types\/product"}],"wp:featuredmedia":[{"embeddable":true,"href":"https:\/\/herbiziola.pl\/index.php?rest_route=\/wp\/v2\/media\/414"}],"wp:attachment":[{"href":"https:\/\/herbiziola.pl\/index.php?rest_route=%2Fwp%2Fv2%2Fmedia&parent=85"}],"wp:term":[{"taxonomy":"product_brand","embeddable":true,"href":"https:\/\/herbiziola.pl\/index.php?rest_route=%2Fwp%2Fv2%2Fproduct_brand&post=85"},{"taxonomy":"product_cat","embeddable":true,"href":"https:\/\/herbiziola.pl\/index.php?rest_route=%2Fwp%2Fv2%2Fproduct_cat&post=85"},{"taxonomy":"product_tag","embeddable":true,"href":"https:\/\/herbiziola.pl\/index.php?rest_route=%2Fwp%2Fv2%2Fproduct_tag&post=85"}],"curies":[{"name":"wp","href":"https:\/\/api.w.org\/{rel}","templated":true}]}}